{"id":213,"date":"2021-01-20T12:22:37","date_gmt":"2021-01-20T11:22:37","guid":{"rendered":"http:\/\/cywinski2.om.pl\/?page_id=213"},"modified":"2021-01-20T12:22:37","modified_gmt":"2021-01-20T11:22:37","slug":"program-pocketseller","status":"publish","type":"page","link":"https:\/\/cywinski.om.pl\/index.php\/program-pocketseller\/","title":{"rendered":"Program PocketSeller"},"content":{"rendered":"\n<p>Oprogramowanie mobilne do prowadzenia vanseling&#8217;u i preselling&#8217;u. Doskonale wsp\u00f3\u0142pracuje z programem Hurt. Mo\u017ce r\u00f3wnie\u017c pracowa\u0107 samodzielnie. <\/p>\n\n\n\n<h3>Podstawowe funkcje Pocket Seller<\/h3>\n\n\n\n<ul><li>zbieranie zam\u00f3wie\u0144<\/li><li>wystawianie podstawowych dokument\u00f3w handlowych<\/li><li>wystawianie podstawowych dokument\u00f3w magazynowych<\/li><li>wystawianie podstawowych dokument\u00f3w kasowych<\/li><li>mo\u017cliwo\u015b\u0107 dowolnego rabatowania wystawianych dokument\u00f3w handlowych<\/li><li>prowadzenie ewidencji p\u0142atno\u015bci<\/li><li>tworzenie statystyk sprzeda\u017cy oraz raport\u00f3w kasowych<\/li><li>mo\u017cliwo\u015b\u0107 drukowania bezprzewodowego z wykorzystaniem \u0142\u0105cza Bluetooth<\/li><\/ul>\n\n\n\n<figure class=\"wp-block-image size-large\"><img loading=\"lazy\" width=\"640\" height=\"1024\" src=\"http:\/\/cywinski2.om.pl\/wp-content\/uploads\/2021\/01\/PocketSeller-640x1024.png\" alt=\"\" class=\"wp-image-215\" srcset=\"https:\/\/cywinski.om.pl\/wp-content\/uploads\/2021\/01\/PocketSeller-640x1024.png 640w, https:\/\/cywinski.om.pl\/wp-content\/uploads\/2021\/01\/PocketSeller-188x300.png 188w, https:\/\/cywinski.om.pl\/wp-content\/uploads\/2021\/01\/PocketSeller-768x1229.png 768w, https:\/\/cywinski.om.pl\/wp-content\/uploads\/2021\/01\/PocketSeller-960x1536.png 960w, https:\/\/cywinski.om.pl\/wp-content\/uploads\/2021\/01\/PocketSeller-1024x1638.png 1024w, https:\/\/cywinski.om.pl\/wp-content\/uploads\/2021\/01\/PocketSeller-675x1080.png 675w, https:\/\/cywinski.om.pl\/wp-content\/uploads\/2021\/01\/PocketSeller.png 1200w\" sizes=\"(max-width: 640px) 100vw, 640px\" \/><\/figure>\n","protected":false},"excerpt":{"rendered":"<p>Oprogramowanie mobilne do prowadzenia vanseling&#8217;u i preselling&#8217;u. Doskonale wsp\u00f3\u0142pracuje z programem Hurt. Mo\u017ce r\u00f3wnie\u017c pracowa\u0107 samodzielnie. Podstawowe funkcje Pocket Seller zbieranie zam\u00f3wie\u0144 wystawianie podstawowych dokument\u00f3w handlowych wystawianie podstawowych dokument\u00f3w magazynowych wystawianie podstawowych dokument\u00f3w kasowych mo\u017cliwo\u015b\u0107 dowolnego rabatowania wystawianych dokument\u00f3w handlowych prowadzenie ewidencji p\u0142atno\u015bci tworzenie statystyk sprzeda\u017cy oraz raport\u00f3w kasowych mo\u017cliwo\u015b\u0107 drukowania bezprzewodowego z wykorzystaniem \u0142\u0105cza&hellip; <br \/> <a class=\"read-more\" href=\"https:\/\/cywinski.om.pl\/index.php\/program-pocketseller\/\">Dowiedz si\u0119 wi\u0119cej<\/a><\/p>\n","protected":false},"author":1,"featured_media":0,"parent":0,"menu_order":0,"comment_status":"closed","ping_status":"closed","template":"","meta":[],"_links":{"self":[{"href":"https:\/\/cywinski.om.pl\/index.php\/wp-json\/wp\/v2\/pages\/213"}],"collection":[{"href":"https:\/\/cywinski.om.pl\/index.php\/wp-json\/wp\/v2\/pages"}],"about":[{"href":"https:\/\/cywinski.om.pl\/index.php\/wp-json\/wp\/v2\/types\/page"}],"author":[{"embeddable":true,"href":"https:\/\/cywinski.om.pl\/index.php\/wp-json\/wp\/v2\/users\/1"}],"replies":[{"embeddable":true,"href":"https:\/\/cywinski.om.pl\/index.php\/wp-json\/wp\/v2\/comments?post=213"}],"version-history":[{"count":4,"href":"https:\/\/cywinski.om.pl\/index.php\/wp-json\/wp\/v2\/pages\/213\/revisions"}],"predecessor-version":[{"id":218,"href":"https:\/\/cywinski.om.pl\/index.php\/wp-json\/wp\/v2\/pages\/213\/revisions\/218"}],"wp:attachment":[{"href":"https:\/\/cywinski.om.pl\/index.php\/wp-json\/wp\/v2\/media?parent=213"}],"curies":[{"name":"wp","href":"https:\/\/api.w.org\/{rel}","templated":true}]}}