{"id":209,"date":"2021-01-20T12:07:46","date_gmt":"2021-01-20T11:07:46","guid":{"rendered":"http:\/\/cywinski2.om.pl\/?page_id=209"},"modified":"2021-01-20T12:07:46","modified_gmt":"2021-01-20T11:07:46","slug":"program-comarch-optima","status":"publish","type":"page","link":"https:\/\/cywinski.om.pl\/index.php\/program-comarch-optima\/","title":{"rendered":"Program Comarch Optima"},"content":{"rendered":"\n<p><strong>Comarch OPTIMA<\/strong> to najch\u0119tniej wybierany program komputerowy do obs\u0142ugi mikro i ma\u0142ych firm.<br>Dzi\u0119ki niemu prosto i szybko wystawisz faktury, obs\u0142u\u017cysz magazyn, zaksi\u0119gujesz dokumenty, naliczysz wyp\u0142aty, rozliczysz si\u0119 z urz\u0119dami, poprowadzisz sklep internetowy \u2013 a to dopiero niekt\u00f3re z funkcjonalno\u015bci, jakie posiada nasze oprogramowanie.<br>Comarch OPT!MA to po postu program dla Twojej firmy!<br>Do\u0142\u0105cz do grona 30 tysi\u0119cy Klient\u00f3w Comarch OPT!MA<\/p>\n\n\n\n<p><strong>HANDEL I US\u0141UGI<\/strong><br>W tej dziedzinie niezwykle potrzebne sa u\u0142atwienia w rejestracji porces\u00f3w sprzeda\u017cowych, kontrola magazynu, mo\u017cliwo\u015b\u0107 szybkiej sprzeda\u017cy np. z wykorzystaniem ekran\u00f3w dotykowych. Liczy si\u0119 sprawna obs\u0142uga Klienta!<br>A mo\u017ce ona przebiega\u0107 znacznie sprawniej, poniewa\u017c kupuj\u0105c oprogramowanie Comarch OPT!MA:<\/p>\n\n\n\n<ul><li>Przyspieszysz obs\u0142ug\u0119 sprzeda\u017cy<\/li><li>Skr\u00f3cisz czas obs\u0142ugi Klient\u00f3w<\/li><li>Wyeliminujesz proste, powtarzalne czynno\u015bci<\/li><li>B\u0119dziesz pracowa\u0142 z programem p\u0142ynnie i bezb\u0142\u0119dnie<\/li><li>B\u0119dziesz mia\u0142 niezb\u0119dne informacje zawsze pod r\u0119k\u0105<\/li><li>B\u0119dziesz zarz\u0105dza\u0142 dost\u0119pno\u015bci\u0105 informacji<\/li><li>Sprawnie rozpoczniesz ka\u017cdy dzie\u0144 pracy<\/li><li>Skorzystasz z zawsze aktualnych kurs\u00f3w notowa\u0144 walut<\/li><\/ul>\n\n\n\n<p><strong>KSI\u0118GOWO\u015a\u0106<\/strong><br>Rozliczenia, p\u0142atno\u015bci, wyp\u0142aty pracownik\u00f3w, deklaracje podatkowe \u2013 to codzienno\u015b\u0107 praktycznie ka\u017cdej firmy. Mo\u017cesz usprawni\u0107 wszystkie te czynno\u015bci poprzez ich automatyzacj\u0119, maj\u0105c r\u00f3wnocze\u015bnie gwarancj\u0119 bezpiecze\u0144stwa zwi\u0105zan\u0105 z dostosowaniem do aktualnych przepis\u00f3w.<br>Prowadz\u0105c ksi\u0119gowo\u015b\u0107 z Comarch OPT!MA:<\/p>\n\n\n\n<ul><li>Masz gwarancj\u0119, \u017ce Tw\u00f3j system jest zawsze pod zgodny z przepisami<\/li><li>Redukujesz czas i koszty zwi\u0105zane z obs\u0142ug\u0105 ksi\u0119gow\u0105 przedsi\u0119biorstwa<\/li><li>Automatyzujesz proces ksi\u0119gowania<\/li><li>Minimalizujesz ilo\u015b\u0107 b\u0142\u0119d\u00f3w w zapisach ksi\u0119gowych<\/li><li>Mo\u017cesz nalicza\u0107 wyp\u0142aty r\u00f3\u017cnego typu<\/li><li>Mo\u017cesz by\u0107 pewny zawsze aktualnych wska\u017anik\u00f3w p\u0142acowych<\/li><\/ul>\n\n\n\n<p><strong>ZARZ\u0104DZANIE<\/strong><br>Skuteczne decyzje potrzebuj\u0105 w\u0142a\u015bciwej informacji. Poprzez zintegrowanie system Comarch OPT!MA pozwala na kompleksowe analizowanie danych z r\u00f3\u017cnych obszar\u00f3w dzia\u0142ania firmy. Daje to mo\u017cliwo\u015b\u0107 obserwowania pewnych og\u00f3lniejszych proces\u00f3w i trend\u00f3w. Dzi\u0119ki w\u0142a\u015bciwej analizie mo\u017cesz mie\u0107 dost\u0119p do konkretnych informacji wspieraj\u0105cych podejmowanie decyzji, dzi\u0119ki kt\u00f3rym Twoja firma b\u0119dzie si\u0119 rozwija\u0107.<br>Zarz\u0105dzaj \u015bwiadomie swoj\u0105 firm\u0105 z Comarch OPT!MA:<\/p>\n\n\n\n<ul><li>Modyfikuj ofert\u0119 zgodnie z potrzebami klient\u00f3w dzi\u0119ki bie\u017c\u0105cej analizie danych<\/li><li>\u0141atwo i szybko pobieraj informacje z programu<\/li><li>Korzystaj z prostego dost\u0119pu do danych<\/li><li>Szybko przeszukuj dokumenty w firmie<\/li><li>\u0141atwo udost\u0119pniaj dokumenty wskazanym osobom<\/li><li>Tw\u00f3rz po\u0142\u0105czenia mi\u0119dzy r\u00f3\u017cnymi typami dokument\u00f3w<\/li><li>Wprowad\u017a ujednolicenie sprzeda\u017cy w kilku oddzia\u0142ach firmy<\/li><\/ul>\n\n\n\n<p>Comarch OPT!MA to nowoczesny program wspomagaj\u0105cy zarz\u0105dzanie firm\u0105, kt\u00f3rego g\u0142owne zalety to:<\/p>\n\n\n\n<ul><li>pe\u0142na integracja, czyli dane wpisujesz tylko jeden raz dzi\u0119ki pracy na jednej bazie danych,<\/li><li>w miar\u0119 rozwoju firmy mo\u017cesz dokupywa\u0107 wi\u0119cej modu\u0142\u00f3w,<\/li><li>program zawsze zgodny z przepisami,<\/li><li>mo\u017cliwo\u015b\u0107 pracy jednostanowiskowej lub w sieci.<\/li><\/ul>\n\n\n\n<p><strong>Wymagania sprz\u0119towe i programowe<\/strong>.<br>Program Comarch OPT!MA jest zbudowany i pracuje w oparciu o najnowsze technologie informatyczne. Jest to 32 bitowa aplikacja pracuj\u0105ca w \u015brodowisku Windows. Graficzny interfejs U\u017cytkownika oferuje komfort typowy dla aplikacji Windows, przy zapewnieniu mo\u017cliwo\u015bci obs\u0142ugi programu wy\u0142\u0105cznie za pomoc\u0105 klawiatury.<\/p>\n\n\n\n<p>Program pracuje w oparciu o baz\u0119 danych zgodn\u0105 z Microsoft SQL Server 2000 Desktop Engine lub SQL Server 2005 Express Edition. Nale\u017c\u0105 one do najnowocze\u015bniejszych, bezobs\u0142ugowych i wydajnych serwer\u00f3w zapewniaj\u0105cych skalowalno\u015b\u0107 i bezpiecze\u0144stwo danych.<\/p>\n","protected":false},"excerpt":{"rendered":"<p>Comarch OPTIMA to najch\u0119tniej wybierany program komputerowy do obs\u0142ugi mikro i ma\u0142ych firm.Dzi\u0119ki niemu prosto i szybko wystawisz faktury, obs\u0142u\u017cysz magazyn, zaksi\u0119gujesz dokumenty, naliczysz wyp\u0142aty, rozliczysz si\u0119 z urz\u0119dami, poprowadzisz sklep internetowy \u2013 a to dopiero niekt\u00f3re z funkcjonalno\u015bci, jakie posiada nasze oprogramowanie.Comarch OPT!MA to po postu program dla Twojej firmy!Do\u0142\u0105cz do grona 30 tysi\u0119cy&hellip; <br \/> <a class=\"read-more\" href=\"https:\/\/cywinski.om.pl\/index.php\/program-comarch-optima\/\">Dowiedz si\u0119 wi\u0119cej<\/a><\/p>\n","protected":false},"author":1,"featured_media":0,"parent":0,"menu_order":0,"comment_status":"closed","ping_status":"closed","template":"","meta":[],"_links":{"self":[{"href":"https:\/\/cywinski.om.pl\/index.php\/wp-json\/wp\/v2\/pages\/209"}],"collection":[{"href":"https:\/\/cywinski.om.pl\/index.php\/wp-json\/wp\/v2\/pages"}],"about":[{"href":"https:\/\/cywinski.om.pl\/index.php\/wp-json\/wp\/v2\/types\/page"}],"author":[{"embeddable":true,"href":"https:\/\/cywinski.om.pl\/index.php\/wp-json\/wp\/v2\/users\/1"}],"replies":[{"embeddable":true,"href":"https:\/\/cywinski.om.pl\/index.php\/wp-json\/wp\/v2\/comments?post=209"}],"version-history":[{"count":1,"href":"https:\/\/cywinski.om.pl\/index.php\/wp-json\/wp\/v2\/pages\/209\/revisions"}],"predecessor-version":[{"id":210,"href":"https:\/\/cywinski.om.pl\/index.php\/wp-json\/wp\/v2\/pages\/209\/revisions\/210"}],"wp:attachment":[{"href":"https:\/\/cywinski.om.pl\/index.php\/wp-json\/wp\/v2\/media?parent=209"}],"curies":[{"name":"wp","href":"https:\/\/api.w.org\/{rel}","templated":true}]}}