{"id":194,"date":"2021-01-20T11:49:26","date_gmt":"2021-01-20T10:49:26","guid":{"rendered":"http:\/\/cywinski2.om.pl\/?page_id=194"},"modified":"2021-01-20T11:49:26","modified_gmt":"2021-01-20T10:49:26","slug":"program-small-bussines","status":"publish","type":"page","link":"https:\/\/cywinski.om.pl\/index.php\/program-small-bussines\/","title":{"rendered":"Program Small Bussines"},"content":{"rendered":"\n<p>Program Small Business przeznaczony jest do kompleksowej obs\u0142ugi ma\u0142ych i \u015brednich firm ze szczeg\u00f3lnym uwzgl\u0119dnieniem firm handlowych posiadaj\u0105cych urz\u0105dzenia fiskalne.<br>Mimo swej wszechstronno\u015bci program jest \u0142atwy w obs\u0142udze, posiada przyjazn\u0105 platform\u0119 komunikacji z u\u017cytkownikiem, a&nbsp;co najwa\u017cniejsze doskonale sprawdza si\u0119 w codziennej praktyce. Program wyposa\u017cony jest w szerokie mo\u017cliwo\u015bci raportowania, a w\u015br\u00f3d jego szczeg\u00f3lnych cech nale\u017cy wymieni\u0107 du\u017c\u0105 elastyczno\u015b\u0107 pozwalaj\u0105c\u0105 na dostosowanie programu do indywidualnych potrzeb u\u017cytkownika.<\/p>\n\n\n\n<div class=\"wp-block-buttons\">\n<div class=\"wp-block-button\"><a class=\"wp-block-button__link\" href=\"http:\/\/symplex.eu\/user\/get_demo.php\" target=\"_blank\" rel=\"noreferrer noopener\">Pobierz demo<\/a><\/div>\n<\/div>\n\n\n\n<h3><strong>Wybrane zalety programu:<\/strong><\/h3>\n\n\n\n<ul><li>stabilna praca w \u015brodowisku Windows (9x, ME, 2000, NT, XP, Vista)<\/li><li>niewielkie wymagania sprz\u0119towe&nbsp;<\/li><li>wsp\u00f3\u0142praca z wi\u0119kszo\u015bci\u0105 urz\u0105dze\u0144 fiskalnych (kasy, wagi, drukarki, itp.)<\/li><li>\u0142atwo\u015b\u0107 wdro\u017cenia i obs\u0142ugi<\/li><li>telefoniczna pomoc techniczna<\/li><li>tworzy liczne raporty i analizy<\/li><li>obs\u0142uguje karty rabatowe<\/li><li>eksport\/import danych w r\u00f3\u017cnych formatach<\/li><li>komunikacja z innymi programami i urz\u0105dzeniami przez internet<\/li><li>\u0142atwa edycja wygl\u0105du dokument\u00f3w<\/li><li>wsp\u00f3\u0142praca z P\u0142atnikiem<\/li><li>zaawansowana ochrona bezpiecze\u0144stwa danych<\/li><\/ul>\n\n\n\n<h3><strong>Dodatkowe modu\u0142y:<\/strong><\/h3>\n\n\n\n<ul><li>kasy fiskalne<\/li><li>kadry p\u0142ace<\/li><li>ksi\u0119ga podatkowa<\/li><li>ksi\u0119ga handlowa<\/li><li>praca sieciowa<\/li><li>samodzielne stanowiska POS<\/li><li>filie (przesy\u0142anie danych pomi\u0119dzy filiami firmy a central\u0105), wyst\u0119puj\u0105 w odmianach:<ul><li>filie pe\u0142ne<\/li><li>filie uproszczone<\/li><li>filie POS<\/li><\/ul><\/li><\/ul>\n\n\n\n<h3><strong>Wsp\u00f3\u0142praca z urz\u0105dzeniami zewn\u0119trznymi:<\/strong><\/h3>\n\n\n\n<ul><li>Kasy fiskalne\u00a0<a href=\"http:\/\/www.symplex.com.pl\/?q=node\/236#Kasy%20fiskalne\" target=\"_blank\" rel=\"noreferrer noopener\">(lista)<\/a><\/li><li>Drukarki fiskalne\u00a0<a href=\"http:\/\/www.symplex.com.pl\/?q=node\/236#Drukarki%20fiskalne\" target=\"_blank\" rel=\"noreferrer noopener\">(lista)<\/a><\/li><li>Inwentaryzatory\u00a0<a href=\"http:\/\/www.symplex.com.pl\/?q=node\/236#Inwentaryzatory\" target=\"_blank\" rel=\"noreferrer noopener\">(lista)<\/a><\/li><li>Drukarki kod\u00f3w\u00a0<a href=\"http:\/\/www.symplex.com.pl\/?q=node\/236#Systemy%20etykiet%20elektronicznych\" target=\"_blank\" rel=\"noreferrer noopener\">(lista)<\/a><\/li><li>Sprawdzarki cen\u00a0<a href=\"http:\/\/www.symplex.com.pl\/?q=node\/236#Sprawdzarki%20cen\" target=\"_blank\" rel=\"noreferrer noopener\">(lista)<\/a><\/li><li>Wagi metkuj\u0105ce\u00a0<a href=\"http:\/\/www.symplex.com.pl\/?q=node\/236#Wagi%20metkuj%C4%85ce\" target=\"_blank\" rel=\"noreferrer noopener\">(lista)<\/a><\/li><li>Wagi kalkulacyjne\u00a0<a href=\"http:\/\/www.symplex.com.pl\/?q=node\/236#Wagi%20kalkulacyjne\" target=\"_blank\" rel=\"noreferrer noopener\">(lista)<\/a><\/li><li>Urz\u0105dzenia mobilne\u00a0<a href=\"http:\/\/www.symplex.com.pl\/?q=node\/236#Urz%C4%85dzenia%20mobilne\" target=\"_blank\" rel=\"noreferrer noopener\">(lista)<\/a><\/li><li>Drukarki kuchenne<\/li><li>Wy\u015bwietlacze zewn\u0119trzne<\/li><li>Terminale p\u0142atnicze\u00a0<a rel=\"noreferrer noopener\" href=\"http:\/\/www.symplex.com.pl\/?q=node\/236#Terminale%20p%C5%82atnicze\" target=\"_blank\">(lista<\/a><a rel=\"noreferrer noopener\" href=\"http:\/\/www.symplex.com.pl\/www\/pom\/porady\/celto.htm\" target=\"_blank\">)<\/a><\/li><\/ul>\n\n\n\n<h3><strong>Wsp\u00f3\u0142praca z systemami zewn\u0119trznymi (hurtowniami):<\/strong><\/h3>\n\n\n\n<ul><li>Else &#8211; wtyczka<\/li><li>Polbita &#8211; wtyczka<\/li><li>Eurocash &#8211; opcja w programie<\/li><li>Merkury &#8211; opcja w programie<\/li><li>Forum &#8211; wtyczka<\/li><li>PSI &#8211; program konwertuj\u0105cy<\/li><li>Hurt &#8211; wtyczka<\/li><\/ul>\n\n\n\n<h3><strong>Wczytywanie faktur zakupu z program\u00f3w:<\/strong><\/h3>\n\n\n\n<ul><li>Eurocash<\/li><li>Subiekt<\/li><li>Kolporter<\/li><li>McLane<\/li><li>ESH Merkury<\/li><li>WF-Mag<\/li><li>Selgros<\/li><li>Subiekt GT<\/li><li>Subiekt<\/li><li>Sygel-Jool<\/li><li>Slawex<\/li><li>Ruch<\/li><li>Hart Autocz\u0119\u015bci<\/li><li>BRW Meble<\/li><li>Else<\/li><li>PSI<\/li><\/ul>\n\n\n\n<h3><strong>Wsp\u00f3\u0142praca z systemami bankowymi (eksport przelew\u00f3w):<\/strong><\/h3>\n\n\n\n<ul><li>Elixir Bank \u015al\u0105ski<\/li><li>Minibank Bank BZWBK<\/li><li>Superkonto PKO BP<\/li><li>Elixir Bank BPH<\/li><li>Elixir Bank PKO BP (program Kontakt)<\/li><li>Elixir Bank PKO SA (program Proffice)<\/li><li>Konto internetowe Sezam (Bank BPH)<\/li><li>Konto internetowe KB24 (Kredyt Bank)<\/li><li>Konto internetowe Raiffeisen Bank<\/li><li>Elixir Invest Bank<\/li><li>Elixir BRE Bank &#8211; iBRE<\/li><\/ul>\n\n\n\n<h3><strong>Eksport danych do program\u00f3w ksi\u0119gowych:<\/strong><\/h3>\n\n\n\n<ul><li>Symfonia FK Altokom Matrix<\/li><li>Rewizor\/Rachmistrz (EDI++)<\/li><li>KH CDN<\/li><li>AC Nielsen<\/li><li>FIKS Macrosoft<\/li><li>LD Lewiatan Detal<\/li><li>Comped Bonus<\/li><li>FK Agrobex<\/li><li>FK1<\/li><li>FK2<\/li><li>F32 System (Micrus)<\/li><li>FK Procomp &#8211; Skocz\u00f3w<\/li><li>Buchalter GrafSoft<\/li><li>KPiR Wapro<\/li><li>FaKiR Wapro<\/li><li>KPiR Varico<\/li><li>KH Varico<\/li><li>FK Yuma<\/li><li>Softar<\/li><li>ECOD ComArch<\/li><li>Finka Tik-Soft<\/li><li>EBI Anica System<\/li><\/ul>\n\n\n\n<h3>Nasi klienci pracuj\u0105cy na programie Small Business<\/h3>\n\n\n\n<ul><li><strong>ABWIX II\u00a0<\/strong>&#8211; sklep og\u00f3lnospo\u017cywczy<\/li><li><strong>BEZAT\u00a0<\/strong>&#8211; sklep og\u00f3lnospo\u017cywczy<\/li><li><strong>GOLDEN CHICKEN\u00a0<\/strong>&#8211; delikatesy<\/li><li><strong>ELTOM\u00a0<\/strong>&#8211; hurtownia elektryczna<\/li><li><strong>Dworek Ba\u0142y Domek\u00a0<\/strong>&#8211; us\u0142ugi hotelarskie, gastronomiczne<\/li><li><strong>Desmal<\/strong>\u00a0&#8211; przetw\u00f3rstwo spo\u017cywcze<\/li><li><strong>U S\u0105siad\u00f3w\u00a0<\/strong>&#8211; sklep og\u00f3lnospo\u017cywczy<\/li><li><strong>MAT-POL\u00a0<\/strong>&#8211; sklep z odzie\u017c\u0105<\/li><li><strong>DACH-VIP\u00a0<\/strong>&#8211; sklep i us\u0142ugi dekarskie<\/li><li><strong>NATALIA<\/strong>\u00a0&#8211; kwiaciarnia<\/li><\/ul>\n\n\n\n<p><\/p>\n","protected":false},"excerpt":{"rendered":"<p>Program Small Business przeznaczony jest do kompleksowej obs\u0142ugi ma\u0142ych i \u015brednich firm ze szczeg\u00f3lnym uwzgl\u0119dnieniem firm handlowych posiadaj\u0105cych urz\u0105dzenia fiskalne.Mimo swej wszechstronno\u015bci program jest \u0142atwy w obs\u0142udze, posiada przyjazn\u0105 platform\u0119 komunikacji z u\u017cytkownikiem, a&nbsp;co najwa\u017cniejsze doskonale sprawdza si\u0119 w codziennej praktyce. Program wyposa\u017cony jest w szerokie mo\u017cliwo\u015bci raportowania, a w\u015br\u00f3d jego szczeg\u00f3lnych cech nale\u017cy wymieni\u0107&hellip; <br \/> <a class=\"read-more\" href=\"https:\/\/cywinski.om.pl\/index.php\/program-small-bussines\/\">Dowiedz si\u0119 wi\u0119cej<\/a><\/p>\n","protected":false},"author":1,"featured_media":0,"parent":0,"menu_order":0,"comment_status":"closed","ping_status":"closed","template":"","meta":[],"_links":{"self":[{"href":"https:\/\/cywinski.om.pl\/index.php\/wp-json\/wp\/v2\/pages\/194"}],"collection":[{"href":"https:\/\/cywinski.om.pl\/index.php\/wp-json\/wp\/v2\/pages"}],"about":[{"href":"https:\/\/cywinski.om.pl\/index.php\/wp-json\/wp\/v2\/types\/page"}],"author":[{"embeddable":true,"href":"https:\/\/cywinski.om.pl\/index.php\/wp-json\/wp\/v2\/users\/1"}],"replies":[{"embeddable":true,"href":"https:\/\/cywinski.om.pl\/index.php\/wp-json\/wp\/v2\/comments?post=194"}],"version-history":[{"count":4,"href":"https:\/\/cywinski.om.pl\/index.php\/wp-json\/wp\/v2\/pages\/194\/revisions"}],"predecessor-version":[{"id":198,"href":"https:\/\/cywinski.om.pl\/index.php\/wp-json\/wp\/v2\/pages\/194\/revisions\/198"}],"wp:attachment":[{"href":"https:\/\/cywinski.om.pl\/index.php\/wp-json\/wp\/v2\/media?parent=194"}],"curies":[{"name":"wp","href":"https:\/\/api.w.org\/{rel}","templated":true}]}}