{"id":180,"date":"2021-01-20T11:22:52","date_gmt":"2021-01-20T10:22:52","guid":{"rendered":"http:\/\/cywinski2.om.pl\/?page_id=180"},"modified":"2021-01-21T13:19:41","modified_gmt":"2021-01-21T12:19:41","slug":"program-hurt","status":"publish","type":"page","link":"https:\/\/cywinski.om.pl\/index.php\/program-hurt\/","title":{"rendered":"Program HURT"},"content":{"rendered":"\n<p class=\"has-drop-cap\">Nasza firma&nbsp;jest autorem &nbsp;programu &#8222;HURT&#8221; zaprojektowanego pod k\u0105tem kompleksowej obs\u0142ugi obrotu towarowego w firmach handlowych i us\u0142ugowo-handlowych.<\/p>\n\n\n\n<h3><strong>Mo\u017cliwo\u015bci programu &#8222;HURT&#8221;<\/strong><\/h3>\n\n\n\n<ul><li>wystawianie i rejestrowanie dokument\u00f3w magazynowych (PZ, PW, WZ, RW, MM), handlowych (faktury- w tym WNT, WDT, korekty, zam\u00f3wienia), rozliczeniowych (kasowych KP\/KW, wyci\u0105g\u00f3w bankowych),<\/li><li>prowadzenie kartotek magazynowych (max.99) oraz rejestr\u00f3w Vat,<\/li><li>wsp\u00f3\u0142praca z drukarkami fiskalnymi firmy Posnet oraz z czytnikami kod\u00f3w kreskowych,<\/li><li>prowadzenie kartotek kontrahent\u00f3w oraz indywidualnych cennik\u00f3w w dowolnej walucie,<\/li><li>gotowe zestawienia oraz wbudowany generator raport\u00f3w,<\/li><li>elementy produkcji (receptury, analizy brak\u00f3w),<\/li><li>tabela uprawnie\u0144 zdefiniowanych operator\u00f3w.<\/li><\/ul>\n\n\n\n<h3><strong>Wsp\u00f3\u0142praca z innymi programami<\/strong><\/h3>\n\n\n\n<ul><li>Systemy vansellingu i presellingu:&nbsp;Pocket Seller firmy Agade (palmtopy),&nbsp;SET firmy UNIVEX,&nbsp;Psion firmy AXED<\/li><li>Systemy finansowo-ksi\u0119gowe: RAKS, CDN, Symfonia, Trawers<\/li><li>Elektroniczna wymiana dokument\u00f3w na platformie Comarch&nbsp;&nbsp;<\/li><\/ul>\n\n\n\n<p>Program &#8222;HURT&#8221;&nbsp;doskonale pracuje&nbsp;w dowolnej sieci lokalnej oraz posiada&nbsp;niewielkie wymagania sprz\u0119towe. W istniej\u0105cych wdro\u017ceniach programu &#8222;HURT&#8221; wprowadzono&nbsp;wiele adaptacji na indywidualne&nbsp;\u017cyczenie u\u017cytkownika. Gama tych adaptacji, r\u00f3\u017cnorodno\u015b\u0107 firm pod wzgl\u0119dem rodzaju prowadzonej dzia\u0142alno\u015bci oraz asortymentu, r\u00f3\u017cne rodzaje sieci komputerowych, w kt\u00f3rych program pracuje oraz geograficzne po\u0142o\u017cenie u\u017cytkownik\u00f3w programu &#8222;HURT&#8221; mog\u0105 \u015bwiadczy\u0107 o jego du\u017cej uniwersalno\u015bci i niezawodno\u015bci.<\/p>\n\n\n\n<div class=\"wp-block-buttons\">\n<div class=\"wp-block-button\"><a class=\"wp-block-button__link\" href=\"http:\/\/www.cywinski.om.pl\/FTP\/setup_Hurt.exe\" target=\"_blank\" rel=\"noreferrer noopener\">Wersja demo<\/a><\/div>\n\n\n\n<div class=\"wp-block-button\"><a class=\"wp-block-button__link\" href=\"http:\/\/www.cywinski.om.pl\/upd\/stream\/INFO.TXT\" target=\"_blank\" rel=\"noreferrer noopener\">Lista zmian<\/a><\/div>\n<\/div>\n\n\n\n<div class=\"wp-block-image\"><figure class=\"alignleft size-full is-resized\"><img loading=\"lazy\" src=\"http:\/\/cywinski2.om.pl\/wp-content\/uploads\/2021\/01\/Hurt_konfig.png\" alt=\"\" class=\"wp-image-184\" width=\"497\" height=\"332\" srcset=\"https:\/\/cywinski.om.pl\/wp-content\/uploads\/2021\/01\/Hurt_konfig.png 994w, https:\/\/cywinski.om.pl\/wp-content\/uploads\/2021\/01\/Hurt_konfig-300x200.png 300w, https:\/\/cywinski.om.pl\/wp-content\/uploads\/2021\/01\/Hurt_konfig-768x512.png 768w\" sizes=\"(max-width: 497px) 100vw, 497px\" \/><\/figure><\/div>\n\n\n\n<figure class=\"wp-block-image size-large is-resized\"><img loading=\"lazy\" src=\"http:\/\/cywinski2.om.pl\/wp-content\/uploads\/2021\/01\/Hurt_1-1024x547.png\" alt=\"\" class=\"wp-image-182\" width=\"512\" height=\"274\" srcset=\"https:\/\/cywinski.om.pl\/wp-content\/uploads\/2021\/01\/Hurt_1-1024x547.png 1024w, https:\/\/cywinski.om.pl\/wp-content\/uploads\/2021\/01\/Hurt_1-300x160.png 300w, https:\/\/cywinski.om.pl\/wp-content\/uploads\/2021\/01\/Hurt_1-768x410.png 768w, https:\/\/cywinski.om.pl\/wp-content\/uploads\/2021\/01\/Hurt_1-1536x820.png 1536w, https:\/\/cywinski.om.pl\/wp-content\/uploads\/2021\/01\/Hurt_1.png 1913w\" sizes=\"(max-width: 512px) 100vw, 512px\" \/><\/figure>\n\n\n\n<figure class=\"wp-block-image size-large is-resized is-style-default\"><img loading=\"lazy\" src=\"http:\/\/cywinski2.om.pl\/wp-content\/uploads\/2021\/01\/Hurt_2-1024x547.png\" alt=\"\" class=\"wp-image-183\" width=\"512\" height=\"274\" srcset=\"https:\/\/cywinski.om.pl\/wp-content\/uploads\/2021\/01\/Hurt_2-1024x547.png 1024w, https:\/\/cywinski.om.pl\/wp-content\/uploads\/2021\/01\/Hurt_2-300x160.png 300w, https:\/\/cywinski.om.pl\/wp-content\/uploads\/2021\/01\/Hurt_2-768x410.png 768w, https:\/\/cywinski.om.pl\/wp-content\/uploads\/2021\/01\/Hurt_2-1536x820.png 1536w, https:\/\/cywinski.om.pl\/wp-content\/uploads\/2021\/01\/Hurt_2.png 1913w\" sizes=\"(max-width: 512px) 100vw, 512px\" \/><\/figure>\n\n\n\n<h3>Nasi klienci pracuj\u0105cy na programie Hurt<\/h3>\n\n\n\n<div class=\"wp-block-group\"><div class=\"wp-block-group__inner-container\">\n<p><strong>Sun-Day<\/strong> &#8211; hurtownia zabawek<br><strong>Egro<\/strong> &#8211; hurtownia spo\u017cywcza<br><strong>Mors<\/strong> &#8211; hurtownia spo\u017cywcza<br><strong>Rutmax<\/strong> &#8211; hurtownia olei i artyku\u0142\u00f3w motoryzacyjnych<br><strong>Evimex<\/strong> &#8211; dystrybutor \u015brodk\u00f3w chemicznych<br><strong>Asmir<\/strong> &#8211; hurtownia lod\u00f3w i mro\u017conek<br><strong>Pierkarnia J\u00f3\u017awik<\/strong><br><strong>Panelstyl<\/strong> &#8211; sklep z panelami<br><strong>Od\u017cywki EGO<\/strong><br><strong>EDA<\/strong> &#8211; hurtownia w\u0119dlin<br><strong>Bordopol<\/strong> &#8211; importer wina i piwa<br><strong>Hydraus<\/strong> &#8211; urz\u0105dzenia sanitarne<br><strong>JAKOB<\/strong> &#8211; producent \u017cywno\u015bci<br><strong>Grill Bar G\u00f3rski<\/strong><br><strong>ORTIS<\/strong> &#8211; hurtownia chemiczna<br><strong>Trak-Rol<\/strong> &#8211; sprzeda\u017c cz\u0119\u015bci do maszyn rolniczych<br><strong>Piekarnia Ca\u0142a<\/strong><br><strong>Bielpol<\/strong> &#8211; sklep patronacki z panelami i stolark\u0105 wewn\u0119trzn\u0105<\/p>\n<\/div><\/div>\n\n\n\n<p><\/p>\n","protected":false},"excerpt":{"rendered":"<p>Nasza firma&nbsp;jest autorem &nbsp;programu &#8222;HURT&#8221; zaprojektowanego pod k\u0105tem kompleksowej obs\u0142ugi obrotu towarowego w firmach handlowych i us\u0142ugowo-handlowych. Mo\u017cliwo\u015bci programu &#8222;HURT&#8221; wystawianie i rejestrowanie dokument\u00f3w magazynowych (PZ, PW, WZ, RW, MM), handlowych (faktury- w tym WNT, WDT, korekty, zam\u00f3wienia), rozliczeniowych (kasowych KP\/KW, wyci\u0105g\u00f3w bankowych), prowadzenie kartotek magazynowych (max.99) oraz rejestr\u00f3w Vat, wsp\u00f3\u0142praca z drukarkami fiskalnymi firmy&hellip; <br \/> <a class=\"read-more\" href=\"https:\/\/cywinski.om.pl\/index.php\/program-hurt\/\">Dowiedz si\u0119 wi\u0119cej<\/a><\/p>\n","protected":false},"author":1,"featured_media":0,"parent":0,"menu_order":0,"comment_status":"closed","ping_status":"closed","template":"","meta":[],"_links":{"self":[{"href":"https:\/\/cywinski.om.pl\/index.php\/wp-json\/wp\/v2\/pages\/180"}],"collection":[{"href":"https:\/\/cywinski.om.pl\/index.php\/wp-json\/wp\/v2\/pages"}],"about":[{"href":"https:\/\/cywinski.om.pl\/index.php\/wp-json\/wp\/v2\/types\/page"}],"author":[{"embeddable":true,"href":"https:\/\/cywinski.om.pl\/index.php\/wp-json\/wp\/v2\/users\/1"}],"replies":[{"embeddable":true,"href":"https:\/\/cywinski.om.pl\/index.php\/wp-json\/wp\/v2\/comments?post=180"}],"version-history":[{"count":10,"href":"https:\/\/cywinski.om.pl\/index.php\/wp-json\/wp\/v2\/pages\/180\/revisions"}],"predecessor-version":[{"id":306,"href":"https:\/\/cywinski.om.pl\/index.php\/wp-json\/wp\/v2\/pages\/180\/revisions\/306"}],"wp:attachment":[{"href":"https:\/\/cywinski.om.pl\/index.php\/wp-json\/wp\/v2\/media?parent=180"}],"curies":[{"name":"wp","href":"https:\/\/api.w.org\/{rel}","templated":true}]}}