{"id":172,"date":"2021-01-20T10:32:42","date_gmt":"2021-01-20T09:32:42","guid":{"rendered":"http:\/\/cywinski2.om.pl\/?page_id=172"},"modified":"2021-03-04T08:45:32","modified_gmt":"2021-03-04T07:45:32","slug":"oprogramowanie","status":"publish","type":"page","link":"https:\/\/cywinski.om.pl\/index.php\/oprogramowanie\/","title":{"rendered":"Oprogramowanie"},"content":{"rendered":"\n<p>W naszej ofercie znajd\u0105 Pa\u0144stwo oprogramowanie:<\/p>\n\n\n\n<p>Systemowe, biurowe firmy Microsoft.<\/p>\n\n\n\n<p>Systemy <strong><a href=\"\/index.php\/program-raks-sql\/\" data-type=\"page\">ERP firmy Raks<\/a><\/strong>.<\/p>\n\n\n\n<p>Program do zarz\u0105dzania firm\u0105 <strong><a href=\"\/index.php\/program-comarch-optima\/\">Comarch Optima<\/a><\/strong>.<\/p>\n\n\n\n<p>Kompleksowe rozwi\u0105zania firmy <strong><a href=\"\/index.php\/program-small-bussines\/\">Symplex (Small Bussines)<\/a><\/strong>.<\/p>\n\n\n\n<p>Oprogramowanie ochrony komputera (Antywirus, FireWall, AntySpam) firmy <strong><a href=\"\/index.php\/bezpieczenstwo-it\/\">ESET<\/a><\/strong>.<\/p>\n\n\n\n<p>Rozwi\u0105zania do sprzeda\u017cy mobilnej i dla przedstawicieli handlowych <strong><a href=\"\/index.php\/program-pocketseller\/\">PocketSeller<\/a><\/strong>.<\/p>\n\n\n\n<p>Autorskie rozwi\u0105zania wsparcia hurtowni, piekarni i cukierni: <a href=\"\/index.php\/program-hurt\/\"><strong>program Hurt.<\/strong><br><\/a><\/p>\n\n\n\n<hr class=\"wp-block-separator\"\/>\n\n\n\n<p>Tworzymy indywidualne rozwi\u0105zania programistyczne dla klient\u00f3w.<\/p>\n\n\n\n<p><br>Mamy wdro\u017cone systemy integracji danych z platformami: Asseco BS, Comarch OnLine Distribution, Mondelez, Roshen, Sagra, \u017bywiec Zdr\u00f3j; transmisj\u0119 danych do system\u00f3w ksi\u0119gowych Raks SQL, Comarch Optima, Asseco FaKir, Rewizor. <\/p>\n","protected":false},"excerpt":{"rendered":"<p>W naszej ofercie znajd\u0105 Pa\u0144stwo oprogramowanie: Systemowe, biurowe firmy Microsoft. Systemy ERP firmy Raks. Program do zarz\u0105dzania firm\u0105 Comarch Optima. Kompleksowe rozwi\u0105zania firmy Symplex (Small Bussines). Oprogramowanie ochrony komputera (Antywirus, FireWall, AntySpam) firmy ESET. Rozwi\u0105zania do sprzeda\u017cy mobilnej i dla przedstawicieli handlowych PocketSeller. Autorskie rozwi\u0105zania wsparcia hurtowni, piekarni i cukierni: program Hurt. Tworzymy indywidualne rozwi\u0105zania&hellip; <br \/> <a class=\"read-more\" href=\"https:\/\/cywinski.om.pl\/index.php\/oprogramowanie\/\">Dowiedz si\u0119 wi\u0119cej<\/a><\/p>\n","protected":false},"author":1,"featured_media":258,"parent":0,"menu_order":0,"comment_status":"closed","ping_status":"closed","template":"","meta":[],"_links":{"self":[{"href":"https:\/\/cywinski.om.pl\/index.php\/wp-json\/wp\/v2\/pages\/172"}],"collection":[{"href":"https:\/\/cywinski.om.pl\/index.php\/wp-json\/wp\/v2\/pages"}],"about":[{"href":"https:\/\/cywinski.om.pl\/index.php\/wp-json\/wp\/v2\/types\/page"}],"author":[{"embeddable":true,"href":"https:\/\/cywinski.om.pl\/index.php\/wp-json\/wp\/v2\/users\/1"}],"replies":[{"embeddable":true,"href":"https:\/\/cywinski.om.pl\/index.php\/wp-json\/wp\/v2\/comments?post=172"}],"version-history":[{"count":13,"href":"https:\/\/cywinski.om.pl\/index.php\/wp-json\/wp\/v2\/pages\/172\/revisions"}],"predecessor-version":[{"id":357,"href":"https:\/\/cywinski.om.pl\/index.php\/wp-json\/wp\/v2\/pages\/172\/revisions\/357"}],"wp:featuredmedia":[{"embeddable":true,"href":"https:\/\/cywinski.om.pl\/index.php\/wp-json\/wp\/v2\/media\/258"}],"wp:attachment":[{"href":"https:\/\/cywinski.om.pl\/index.php\/wp-json\/wp\/v2\/media?parent=172"}],"curies":[{"name":"wp","href":"https:\/\/api.w.org\/{rel}","templated":true}]}}