{"id":127,"date":"2021-01-19T15:13:10","date_gmt":"2021-01-19T14:13:10","guid":{"rendered":"http:\/\/cywinski2.om.pl\/?page_id=127"},"modified":"2021-01-21T12:01:24","modified_gmt":"2021-01-21T11:01:24","slug":"urzadzenia-fiskalne","status":"publish","type":"page","link":"https:\/\/cywinski.om.pl\/index.php\/urzadzenia-fiskalne\/","title":{"rendered":"Urz\u0105dzenia fiskalne"},"content":{"rendered":"\n<p>Posiadamy w ofercie kasy renomowanej polskiej firmy POSNET.  <\/p>\n\n\n\n<p>W cenie kasy otrzymujecie Pa\u0144stwo: <\/p>\n\n\n\n<ul><li>pomoc w wyborze kasy<\/li><li>szkolenie z podstawowej obs\u0142ugi kasy<\/li><li>programowanie kasy (towary do 50 pozycji, nag\u0142\u00f3wek, stawki vat, operatorzy)<\/li><li>dla Pa\u0144stwa wygody mo\u017cemy r\u00f3wnie\u017c zaprogramowa\u0107 klawisze skr\u00f3tu na klawiaturze. Mog\u0105 to by\u0107: cz\u0119sto sprzedawane towary i us\u0142ugi, raporty (dobowy, miesi\u0119czny) i inne funkcje, kt\u00f3re uznacie Pa\u0144stwo za potrzebne.<\/li><li>fiskalizacj\u0119<\/li><li>wype\u0142nione dokumenty zg\u0142oszeniowe kasy<\/li><\/ul>\n\n\n\n<p>Zajmujemy si\u0119 r\u00f3wnie\u017c serwisem kas oraz przegl\u0105dami ustawowymi.&nbsp;<\/p>\n\n\n\n<figure class=\"wp-block-image size-large\"><img src=\"https:\/\/www.posnet.com.pl\/img\/logo_posnet.jpg\" alt=\"\"\/><\/figure>\n\n\n\n<h2>Kasy fiskalne ma\u0142e \/ mobilne<\/h2>\n\n\n\n<ul><li><a rel=\"noreferrer noopener\" href=\"https:\/\/www.posnet.com.pl\/produkty\/product\/356\/ergo-online\" target=\"_blank\">BING<\/a><a href=\"https:\/\/www.posnet.com.pl\/produkty\/product\/359\/bingo-online\" target=\"_blank\" rel=\"noreferrer noopener\">O OnLine<\/a><\/li><li><a href=\"https:\/\/www.posnet.com.pl\/produkty\/product\/420\/bingo-max-online\" target=\"_blank\" rel=\"noreferrer noopener\">BINGO Max OnLine<\/a><\/li><li><a href=\"https:\/\/www.posnet.com.pl\/produkty\/product\/365\/fawag-lite-online\" target=\"_blank\" rel=\"noreferrer noopener\">FAWAG LINE OnLine<\/a><\/li><li><a href=\"https:\/\/www.posnet.com.pl\/produkty\/product\/358\/mobile-online\" target=\"_blank\" rel=\"noreferrer noopener\">MOBILE OnLine<\/a><\/li><li><a href=\"https:\/\/www.posnet.com.pl\/produkty\/product\/356\/ergo-online\" target=\"_blank\" rel=\"noreferrer noopener\">ERGO Online<\/a><\/li><\/ul>\n\n\n\n<h2>Kasy fiskalne \u015brednie<\/h2>\n\n\n\n<ul><li><a rel=\"noreferrer noopener\" href=\"https:\/\/www.posnet.com.pl\/produkty\/product\/360\/revo-online\" target=\"_blank\">REVO Online<\/a><\/li><\/ul>\n\n\n\n<h2>Kasy fiskalne systemowe<\/h2>\n\n\n\n<ul><li><a rel=\"noreferrer noopener\" href=\"https:\/\/www.posnet.com.pl\/produkty\/product\/387\/neo-online\" target=\"_blank\">NEO OnLine<\/a><\/li><li><a href=\"https:\/\/www.posnet.com.pl\/produkty\/product\/6\/neo-xl\" target=\"_blank\" rel=\"noreferrer noopener\">NEO XL<\/a><\/li><\/ul>\n\n\n\n<h2>Drukarki fiskalne<\/h2>\n\n\n\n<ul><li><a rel=\"noreferrer noopener\" href=\"https:\/\/www.posnet.com.pl\/produkty\/product\/361\/temo-online\" target=\"_blank\">TEMO OnLine<\/a><\/li><li><a rel=\"noreferrer noopener\" href=\"https:\/\/www.posnet.com.pl\/produkty\/product\/362\/trio-online\" target=\"_blank\">TRIO OnLine<\/a><\/li><li><a rel=\"noreferrer noopener\" href=\"https:\/\/www.posnet.com.pl\/produkty\/product\/357\/thermal-xl2-online-2-3\" target=\"_blank\">Thermal XL<sub>2<\/sub> OnLine<\/a><\/li><li><a rel=\"noreferrer noopener\" href=\"https:\/\/www.posnet.com.pl\/produkty\/product\/371\/thermal-hd-online\" target=\"_blank\">Thermal HD OnLine<\/a><\/li><\/ul>\n","protected":false},"excerpt":{"rendered":"<p>Posiadamy w ofercie kasy renomowanej polskiej firmy POSNET. W cenie kasy otrzymujecie Pa\u0144stwo: pomoc w wyborze kasy szkolenie z podstawowej obs\u0142ugi kasy programowanie kasy (towary do 50 pozycji, nag\u0142\u00f3wek, stawki vat, operatorzy) dla Pa\u0144stwa wygody mo\u017cemy r\u00f3wnie\u017c zaprogramowa\u0107 klawisze skr\u00f3tu na klawiaturze. Mog\u0105 to by\u0107: cz\u0119sto sprzedawane towary i us\u0142ugi, raporty (dobowy, miesi\u0119czny) i inne&hellip; <br \/> <a class=\"read-more\" href=\"https:\/\/cywinski.om.pl\/index.php\/urzadzenia-fiskalne\/\">Dowiedz si\u0119 wi\u0119cej<\/a><\/p>\n","protected":false},"author":1,"featured_media":250,"parent":0,"menu_order":0,"comment_status":"closed","ping_status":"closed","template":"","meta":[],"_links":{"self":[{"href":"https:\/\/cywinski.om.pl\/index.php\/wp-json\/wp\/v2\/pages\/127"}],"collection":[{"href":"https:\/\/cywinski.om.pl\/index.php\/wp-json\/wp\/v2\/pages"}],"about":[{"href":"https:\/\/cywinski.om.pl\/index.php\/wp-json\/wp\/v2\/types\/page"}],"author":[{"embeddable":true,"href":"https:\/\/cywinski.om.pl\/index.php\/wp-json\/wp\/v2\/users\/1"}],"replies":[{"embeddable":true,"href":"https:\/\/cywinski.om.pl\/index.php\/wp-json\/wp\/v2\/comments?post=127"}],"version-history":[{"count":5,"href":"https:\/\/cywinski.om.pl\/index.php\/wp-json\/wp\/v2\/pages\/127\/revisions"}],"predecessor-version":[{"id":236,"href":"https:\/\/cywinski.om.pl\/index.php\/wp-json\/wp\/v2\/pages\/127\/revisions\/236"}],"wp:featuredmedia":[{"embeddable":true,"href":"https:\/\/cywinski.om.pl\/index.php\/wp-json\/wp\/v2\/media\/250"}],"wp:attachment":[{"href":"https:\/\/cywinski.om.pl\/index.php\/wp-json\/wp\/v2\/media?parent=127"}],"curies":[{"name":"wp","href":"https:\/\/api.w.org\/{rel}","templated":true}]}}