{"id":114,"date":"2021-01-19T14:50:47","date_gmt":"2021-01-19T13:50:47","guid":{"rendered":"http:\/\/cywinski2.om.pl\/?page_id=114"},"modified":"2021-01-21T00:08:16","modified_gmt":"2021-01-20T23:08:16","slug":"polityka-prywatnosci","status":"publish","type":"page","link":"https:\/\/cywinski.om.pl\/index.php\/polityka-prywatnosci\/","title":{"rendered":"Polityka prywatno\u015bci"},"content":{"rendered":"\n<h2><strong>Klauzula informacyjna dla partner\u00f3w handlowych<\/strong><\/h2>\n\n\n\n<figure class=\"wp-block-table\"><table><tbody><tr><td>Na podstawie art.13 ROZPORZ\u0104DZENIA PARLAMENTU EUROPEJSKIEGO I RADY (UE) 2016\/679 z dnia 27 kwietnia 2016 r. w sprawie ochrony os\u00f3b fizycznych w zwi\u0105zku z przetwarzaniem danych osobowych informuj\u0119, \u017ce:<br><br>1. Administratorem Pani\/Pana danych osobowych jest:<br>Firma Informatyczno-Handlowa \u201eCYWI\u0143SKI\u201d Andrzej Cywi\u0144ski<br>97-213 Smardzewice ul. G\u0142\u00f3wna 85 <br>tel. +48 44 7108635<br><br>2. Pani\/Pana dane osobowe przetwarzane b\u0119d\u0105 w celu realizacji umowy &#8211; na podstawie Art. 6 ust. 1 lit. b og\u00f3lnego rozporz\u0105dzenia o ochronie danych osobowych z dnia 27 kwietnia 2016 r.<br><br>3. Odbiorcami Pani\/Pana danych osobowych b\u0119d\u0105 wy\u0142\u0105cznie podmioty uprawnione do uzyskania danych osobowych lub podmioty uczestnicz\u0105ce w realizacji zlecenia.<br><br>4. Pani\/Pana dane osobowe przechowywane b\u0119d\u0105 w oparciu o uzasadniony interes realizowany przez administratora (dane przetwarzane s\u0105 do momentu ustania przewarzania w celach planowania biznesowego).<br><br>5. Posiada Pani\/Pan prawo do \u017c\u0105dania od administratora dost\u0119pu do danych osobowych, ich sprostowania, usuni\u0119cia lub ograniczenia przetwarzania.<br><br>6. Ma Pani\/Pan prawo wniesienia skargi do organu nadzorczego.<br><br>7. Podanie danych osobowych jest dobrowolne, jednak\u017ce odmowa podania danych mo\u017ce skutkowa\u0107 odmow\u0105 zawarcia umowy.<br><\/td><\/tr><\/tbody><\/table><figcaption>W\u0142a\u015bciciel Andrzej Cywi\u0144ski<\/figcaption><\/figure>\n\n\n\n<hr class=\"wp-block-separator is-style-dots\" id=\"Ciasteczka\"\/>\n\n\n\n<h3>Ciasteczka<\/h3>\n\n\n\n<p>Informujemy, \u017ce na swoich stronach www stosujemy pliki cookies (tzw. ciasteczka). <\/p>\n\n\n\n<p>Cookies&nbsp;u\u017cywane s\u0105 do zapisywania informacji w celach&nbsp;funkcjonalnych (m.in. zapami\u0119tywanie preferencji&nbsp; ustawie\u0144 na naszych stronach, zbieranie anonimowych danych&nbsp;statystycznych). Ka\u017cdy u\u017cytkownik ma mo\u017cliwo\u015b\u0107 zmiany ustawie\u0144 dotycz\u0105cych cookies w swojej przegl\u0105darce internetowej. Je\u015bli nie wyra\u017casz zgody \u2013 zmie\u0144 ustawienia swojej przegl\u0105darki<\/p>\n\n\n\n<h3>Osadzone tre\u015bci z innych witryn<\/h3>\n\n\n\n<p>Artyku\u0142y na tej witrynie mog\u0105 zawiera\u0107 osadzone tre\u015bci (np. filmy, obrazki, artyku\u0142y itp.). Osadzone tre\u015bci z innych witryn zachowuj\u0105 si\u0119 analogicznie do tego, jakby u\u017cytkownik odwiedzi\u0142 bezpo\u015brednio konkretn\u0105 witryn\u0119.<\/p>\n\n\n\n<p>Witryny mog\u0105 zbiera\u0107 informacje o tobie, u\u017cywa\u0107 ciasteczek, do\u0142\u0105cza\u0107 dodatkowe, zewn\u0119trzne systemy \u015bledzenia i monitorowa\u0107 twoje interakcje z osadzonym materia\u0142em, w\u0142\u0105czaj\u0105c w to \u015bledzenie twoich interakcji z osadzonym materia\u0142em je\u015bli posiadasz konto i jeste\u015b zalogowany w tamtej witrynie.<\/p>\n","protected":false},"excerpt":{"rendered":"<p>Klauzula informacyjna dla partner\u00f3w handlowych Na podstawie art.13 ROZPORZ\u0104DZENIA PARLAMENTU EUROPEJSKIEGO I RADY (UE) 2016\/679 z dnia 27 kwietnia 2016 r. w sprawie ochrony os\u00f3b fizycznych w zwi\u0105zku z przetwarzaniem danych osobowych informuj\u0119, \u017ce: 1. Administratorem Pani\/Pana danych osobowych jest:Firma Informatyczno-Handlowa \u201eCYWI\u0143SKI\u201d Andrzej Cywi\u0144ski97-213 Smardzewice ul. G\u0142\u00f3wna 85 tel. +48 44 7108635 2. Pani\/Pana dane&hellip; <br \/> <a class=\"read-more\" href=\"https:\/\/cywinski.om.pl\/index.php\/polityka-prywatnosci\/\">Dowiedz si\u0119 wi\u0119cej<\/a><\/p>\n","protected":false},"author":1,"featured_media":0,"parent":0,"menu_order":0,"comment_status":"closed","ping_status":"closed","template":"","meta":[],"_links":{"self":[{"href":"https:\/\/cywinski.om.pl\/index.php\/wp-json\/wp\/v2\/pages\/114"}],"collection":[{"href":"https:\/\/cywinski.om.pl\/index.php\/wp-json\/wp\/v2\/pages"}],"about":[{"href":"https:\/\/cywinski.om.pl\/index.php\/wp-json\/wp\/v2\/types\/page"}],"author":[{"embeddable":true,"href":"https:\/\/cywinski.om.pl\/index.php\/wp-json\/wp\/v2\/users\/1"}],"replies":[{"embeddable":true,"href":"https:\/\/cywinski.om.pl\/index.php\/wp-json\/wp\/v2\/comments?post=114"}],"version-history":[{"count":11,"href":"https:\/\/cywinski.om.pl\/index.php\/wp-json\/wp\/v2\/pages\/114\/revisions"}],"predecessor-version":[{"id":279,"href":"https:\/\/cywinski.om.pl\/index.php\/wp-json\/wp\/v2\/pages\/114\/revisions\/279"}],"wp:attachment":[{"href":"https:\/\/cywinski.om.pl\/index.php\/wp-json\/wp\/v2\/media?parent=114"}],"curies":[{"name":"wp","href":"https:\/\/api.w.org\/{rel}","templated":true}]}}